{"id":5,"date":"2013-11-23T14:21:42","date_gmt":"2013-11-23T14:21:42","guid":{"rendered":"http:\/\/whm10.datasafe.fi\/~suovi\/?page_id=2"},"modified":"2015-02-20T11:25:32","modified_gmt":"2015-02-20T09:25:32","slug":"etusivu","status":"publish","type":"page","link":"https:\/\/virkistys.info\/de\/","title":{"rendered":"Homepage"},"content":{"rendered":"<div id=\"etusivu_yla\">\n<div id=\"etusivu_yla_kartta\"><!-- kartta t\u00e4h\u00e4n, asetetaan css:ssa --><br \/>\n<img decoding=\"async\" src=\"\/~suovi\/wp-content\/themes\/twentythirteen-child\/images\/kartta.png\" alt=\"\" usemap=\"#imagemap_alueet\" \/><\/p>\n<map name=\"imagemap_alueet\">\n<area class=\"area1\" alt=\"Pirkanmaan virkistysalueyhdistys\" coords=\"172,302,35\" shape=\"circle\" href=\"http:\/\/www.pirkanmaanvirkistysalueyhdistys.fi\" \/>\n<area class=\"area2\" alt=\"Varsinais-Suomen virkistysalueyhdistys\" coords=\"116,372,40\" shape=\"circle\" \/>\n<area class=\"area3\" alt=\"Uudenmaan virkistysalueyhdistys\" coords=\"250,382,22\" shape=\"circle\" href=\"http:\/\/uudenmaanvirkistysalueyhdistys.fi\" \/>\n<area class=\"area3\" alt=\"Uudenmaan virkistysalueyhdistys\" coords=\"217,382,22\" shape=\"circle\" href=\"http:\/\/uudenmaanvirkistysalueyhdistys.fi\" \/>\n<area class=\"area3\" alt=\"Uudenmaan virkistysalueyhdistys\" coords=\"182,389,22\" shape=\"circle\" href=\"http:\/\/uudenmaanvirkistysalueyhdistys.fi\" \/>\n<area class=\"area3\" alt=\"Uudenmaan virkistysalueyhdistys\" coords=\"146,412,22\" shape=\"circle\" href=\"http:\/\/uudenmaanvirkistysalueyhdistys.fi\" \/>\n<area class=\"area4\" alt=\"H\u00e4meen virkistysalueyhdistys\" coords=\"199,345,22\" shape=\"circle\" href=\"http:\/\/www.hameenvirkistysalueyhdistys.fi\" \/>\n<area class=\"area4\" alt=\"H\u00e4meen virkistysalueyhdistys\" coords=\"170,350,14\" shape=\"circle\" href=\"http:\/\/www.hameenvirkistysalueyhdistys.fi\" \/>\n<area class=\"area5\" alt=\"Kymenlaakson virkistysalueyhdistys\" coords=\"274,346,19\" shape=\"circle\" href=\"http:\/\/kyvi.fi\" \/>\n<area class=\"area5\" alt=\"Kymenlaakson virkistysalueyhdistys\" coords=\"298,373,24\" shape=\"circle\" href=\"http:\/\/kyvi.fi\" \/>\n<area class=\"area6\" alt=\"Etel\u00e4-Karjalan virkistysalues\u00e4\u00e4ti\u00f6\" coords=\"321,339,20\" shape=\"circle\" href=\"http:\/\/www.ekarjala.fi\/virkistysaluesaatio\" \/>\n<area class=\"area6\" alt=\"Etel\u00e4-Karjalan virkistysalues\u00e4\u00e4ti\u00f6\" coords=\"340,338,22\" shape=\"circle\" href=\"http:\/\/www.ekarjala.fi\/virkistysaluesaatio\" \/>\n<area class=\"area6\" alt=\"Etel\u00e4-Karjalan virkistysalues\u00e4\u00e4ti\u00f6\" coords=\"364,320,17\" shape=\"circle\" href=\"http:\/\/www.ekarjala.fi\/virkistysaluesaatio\" \/>\n<area class=\"area7\" alt=\"P\u00e4ij\u00e4nteen virkistysalueyhdistys\" coords=\"236,343,20\" shape=\"circle\" href=\"http:\/\/www.paijanteenvirkistysalueyhdistys.fi\" \/>\n<area class=\"area7\" alt=\"P\u00e4ij\u00e4nteen virkistysalueyhdistys\" coords=\"241,325,24\" shape=\"circle\" href=\"http:\/\/www.paijanteenvirkistysalueyhdistys.fi\" \/>\n<area class=\"area8\" alt=\"Saimaan virkistysalueyhdistys\" coords=\"293,299,35\" shape=\"circle\" href=\"http:\/\/www.saimaanvirkistysalueyhdistys.fi\" \/>\n<area class=\"area8\" alt=\"Saimaan virkistysalueyhdistys\" coords=\"337,288,30\" shape=\"circle\" href=\"http:\/\/www.saimaanvirkistysalueyhdistys.fi\" \/>\n<area class=\"area9\" alt=\"Pohjois-Karjalan virkistysreitist\u00f6yhdistys\" coords=\"384,271,22\" shape=\"circle\" href=\"http:\/\/www.pohjoiskarjalankelkkaurat.fi\" \/>\n<area class=\"area9\" alt=\"Pohjois-Karjalan virkistysreitist\u00f6yhdistys\" coords=\"382,248,34\" shape=\"circle\" href=\"http:\/\/www.pohjoiskarjalankelkkaurat.fi\" \/>\n<area class=\"area9\" alt=\"Pohjois-Karjalan virkistysreitist\u00f6yhdistys\" coords=\"350,220,23\" shape=\"circle\" href=\"http:\/\/www.pohjoiskarjalankelkkaurat.fi\" \/> <\/map>\n<\/div>\n<div id=\"etusivu_yla_maakunnat\">\n<ul>\n<li class=\"area6\"><a href=\"http:\/\/www.ekarjala.fi\/virkistysaluesaatio\">Erholungsgebietsstiftung S\u00fcdkarelien<\/a><\/li>\n<li class=\"area4\"><a href=\"http:\/\/www.hameenvirkistysalueyhdistys.fi\">Erholungsgebietsverband H\u00e4me<\/a><\/li>\n<li class=\"area5\">E<a href=\"http:\/\/kyvi.fi\">rholungsgebietsverband Kymenlaakso<\/a><\/li>\n<li class=\"area1\"><a href=\"http:\/\/www.pirkanmaanvirkistysalueyhdistys.fi\">Erholungsgebietsverband Pirkanmaa<\/a><\/li>\n<li class=\"area9\"><a href=\"http:\/\/www.pohjoiskarjalankelkkaurat.fi\">Erholungsgebietsverband Nordkarelien<\/a><\/li>\n<li class=\"area7\"><a href=\"http:\/\/www.paijanteenvirkistysalueyhdistys.fi\">Erholungsgebietsverband P\u00e4ij\u00e4nne<\/a><\/li>\n<li class=\"area8\"><a href=\"http:\/\/www.saimaanvirkistysalueyhdistys.fi\/\">Erholungsgebietsverband Saimaa<\/a><\/li>\n<li class=\"area3\"><a href=\"http:\/\/uudenmaanvirkistysalueyhdistys.fi\">Erholungsgebietsverband Uusimaa<\/a><\/li>\n<li class=\"area2\"><a>Wanderrouten- und Erholungsgebietsverband<\/a><\/li>\n<\/ul>\n<\/div>\n<\/div>\n<div id=\"etusivu_ala\">\n<div id=\"etusivu_ala_sarake1\">\n<h3 class=\"etusivu_ala_sarake_otsikko\">Erholungsgebietsverb\u00e4nde in Finnland<\/h3>\n<div class=\"etusivu_ala_sarake_teksti\">In Finnland sind 9 provinziale Verb\u00e4nde t\u00e4tig, die sich auf die Aktivit\u00e4t in Erholungsgebieten konzentrieren und deren Aufgabe es ist, in ihrem Einsatzgebiet die Erholungs- und Wanderm\u00f6glichkeiten des Jedermannsrechts abzusichern und zu entwickeln sowie die Eigenheit der Natur und der Landschaft der Provinz zu pflegen. Um die F\u00f6rderung der Nutzung zur Erholung umzusetzen, kaufen und mieten diese Verb\u00e4nde Gebiete oder besorgen die Benutzungsrechte daf\u00fcr, und k\u00fcmmern sich um deren Pflege und Bebauung.<\/div>\n<h3 class=\"etusivu_ala_sarake_valiotsikko\">Viele Ziele und Aktivit\u00e4ten<\/h3>\n<div class=\"etusivu_ala_sarake_teksti\">Die Erholungsgebietsverb\u00e4nde pflegen hunderte herrliche Naturgebiete, die sowohl auf Inselgruppen, in Binnengew\u00e4ssern wie auch in W\u00e4ldern auf dem Festland zu finden sind. In unseren Gebieten k\u00f6nnen Sie zum Beispiel Boot fahren, paddeln, wandern, in Unterst\u00e4nden oder speziell zu mietenden H\u00fctten \u00fcbernachten, fischen, saunieren, schwimmen. \u00a0Ein gro\u00dfer Teil der Gebiete verf\u00fcgt \u00fcber einen \u00fcberdachten Rastplatz\/eine Feuerstelle mit minimaler Ausstattung sowie ein WC. In der N\u00e4he der Erholungsgebiete sind auch Unternehmen t\u00e4tig, die den Besuchern u. a. Unterkunft, oder Verpflegung bieten oder Aktivit\u00e4ten veranstalten, die sich auf die Erholungsgebiete st\u00fctzen. \u00dcber das individuelle Programmangebot der verschiedenen Erholungsgebiete ist auf den Internetseiten jedes Verbands mehr zu lesen. Sie gelangen auf diese Internetseiten, indem Sie auf der Karte Ihr Ziel ausw\u00e4hlen. Sie k\u00f6nnen das Programmangebot auch Ihrer gew\u00fcnschten Aktivit\u00e4t entsprechend mit der Zielsuche dieser Seite suchen.<\/div>\n<\/div>\n<div id=\"etusivu_ala_sarake2\">\n<h3 class=\"etusivu_ala_sarake_valiotsikko\">Jedermannsrechte \u00a7<\/h3>\n<div class=\"etusivu_ala_sarake_teksti\">Die nordischen Jedermannsrechte sind einzigartig auf der Welt. Sie erm\u00f6glichen das Wandern und den Aufenthalt in der Natur und die Nutzung der Umwelt zur Erholung in einem v\u00f6llig anderen Ma\u00dfstab als anderswo auf der Welt. Die Bewegungsfreiheit bringt jedoch auch Verantwortung mit sich. Dies bedeutet, dass unter Ber\u00fccksichtigung der Waldbrandwarnungen nur an jenen Stellen Feuer gemacht werden darf, die daf\u00fcr angezeigt werden, dass l\u00e4ngerfristiges Campen verboten ist und dass eigene Tiere beaufsichtigt und bei Bedarf angeleint werden m\u00fcssen. Zudem k\u00fcmmert man sich in den Erholungsgebieten darum, dass der eigene M\u00fcll aufgesammelt wird und dem Baumbestand, der Tierwelt oder der Vegetation kein Schaden zugef\u00fcgt wird. Andererseits k\u00f6nnen Sie das Pfl\u00fccken von Beeren und Pilzen sowie das Eisangeln und Angeln au\u00dferhalb der Nationalparkgebiete genie\u00dfen. Vergessen Sie also nicht auf die Etikette des Wanderers, dann k\u00f6nnen auch die anderen die saubere und sichere Umwelt genie\u00dfen.\u2028Lernen Sie die Jedermannsrechte kennen. Vollst\u00e4ndige Informationen \u00fcber die Jedermannsrechte finden Sie\u00a0<span style=\"color: #008000;\"><span style=\"color: #008000;\">hier<\/span>.<\/span><\/div>\n<\/div>\n<\/div>\n<div style=\"clear: both;\"><\/div>\n<div id=\"alaosa_footer\"><\/div>\n","protected":false},"excerpt":{"rendered":"<p>Erholungsgebietsstiftung S\u00fcdkarelien Erholungsgebietsverband H\u00e4me Erholungsgebietsverband Kymenlaakso Erholungsgebietsverband Pirkanmaa Erholungsgebietsverband Nordkarelien Erholungsgebietsverband P\u00e4ij\u00e4nne Erholungsgebietsverband Saimaa Erholungsgebietsverband Uusimaa Wanderrouten- und Erholungsgebietsverband Erholungsgebietsverb\u00e4nde in Finnland In Finnland sind 9 provinziale Verb\u00e4nde t\u00e4tig, die sich auf die Aktivit\u00e4t in Erholungsgebieten konzentrieren und deren Aufgabe es ist, in ihrem Einsatzgebiet die Erholungs- und Wanderm\u00f6glichkeiten des Jedermannsrechts abzusichern und zu entwickeln &hellip; <a href=\"https:\/\/virkistys.info\/de\/\" class=\"more-link\">Jatka lukemista <span class=\"screen-reader-text\">Homepage<\/span> <span class=\"meta-nav\">&rarr;<\/span><\/a><\/p>\n","protected":false},"author":1,"featured_media":0,"parent":0,"menu_order":0,"comment_status":"closed","ping_status":"open","template":"","meta":{"footnotes":""},"class_list":["post-5","page","type-page","status-publish","hentry"],"_links":{"self":[{"href":"https:\/\/virkistys.info\/de\/wp-json\/wp\/v2\/pages\/5","targetHints":{"allow":["GET"]}}],"collection":[{"href":"https:\/\/virkistys.info\/de\/wp-json\/wp\/v2\/pages"}],"about":[{"href":"https:\/\/virkistys.info\/de\/wp-json\/wp\/v2\/types\/page"}],"author":[{"embeddable":true,"href":"https:\/\/virkistys.info\/de\/wp-json\/wp\/v2\/users\/1"}],"replies":[{"embeddable":true,"href":"https:\/\/virkistys.info\/de\/wp-json\/wp\/v2\/comments?post=5"}],"version-history":[{"count":5,"href":"https:\/\/virkistys.info\/de\/wp-json\/wp\/v2\/pages\/5\/revisions"}],"predecessor-version":[{"id":83,"href":"https:\/\/virkistys.info\/de\/wp-json\/wp\/v2\/pages\/5\/revisions\/83"}],"wp:attachment":[{"href":"https:\/\/virkistys.info\/de\/wp-json\/wp\/v2\/media?parent=5"}],"curies":[{"name":"wp","href":"https:\/\/api.w.org\/{rel}","templated":true}]}}