{"id":45,"date":"2013-12-19T22:41:32","date_gmt":"2013-12-19T20:41:32","guid":{"rendered":"http:\/\/whm10.datasafe.fi\/~suovi\/?page_id=45"},"modified":"2015-02-19T10:55:47","modified_gmt":"2015-02-19T08:55:47","slug":"galleria","status":"publish","type":"page","link":"https:\/\/virkistys.info\/en\/galleria\/","title":{"rendered":"GALLERY"},"content":{"rendered":"<h2>PHOTO GALLERY<\/h2>\n<p><a title=\"Etel\u00e4-Karjalan virkistysalues\u00e4\u00e4to\u00f6\" href=\"http:\/\/www.ekarjala.fi\/virkistysaluesaatio\/\">South Karelian Foundation for Recreation Areas<br \/>\n<\/a><\/p>\n<div id='gallery-1' class='gallery galleryid-45 gallery-columns-3 gallery-size-medium'><figure class='gallery-item'>\n\t\t\t<div class='gallery-icon landscape'>\n\t\t\t\t<a href='https:\/\/virkistys.info\/en\/huuhanranta_kuva_ho1-1024x768\/'><img loading=\"lazy\" decoding=\"async\" width=\"300\" height=\"225\" src=\"https:\/\/virkistys.info\/en\/wp-content\/uploads\/sites\/3\/2015\/02\/huuhanranta_kuva_HO1-1024x768-300x225.jpg\" class=\"attachment-medium size-medium\" alt=\"\" aria-describedby=\"gallery-1-95\" srcset=\"https:\/\/virkistys.info\/en\/wp-content\/uploads\/sites\/3\/2015\/02\/huuhanranta_kuva_HO1-1024x768-300x225.jpg 300w, https:\/\/virkistys.info\/en\/wp-content\/uploads\/sites\/3\/2015\/02\/huuhanranta_kuva_HO1-1024x768.jpg 1024w\" sizes=\"auto, (max-width: 300px) 100vw, 300px\" \/><\/a>\n\t\t\t<\/div>\n\t\t\t\t<figcaption class='wp-caption-text gallery-caption' id='gallery-1-95'>\n\t\t\t\tHuuhanranta\n\t\t\t\t<\/figcaption><\/figure><figure class='gallery-item'>\n\t\t\t<div class='gallery-icon landscape'>\n\t\t\t\t<a href='https:\/\/virkistys.info\/en\/karhusaari_kuva-_ho1-1024x768\/'><img loading=\"lazy\" decoding=\"async\" width=\"300\" height=\"225\" src=\"https:\/\/virkistys.info\/en\/wp-content\/uploads\/sites\/3\/2015\/02\/karhusaari_kuva-_HO1-1024x768-300x225.jpg\" class=\"attachment-medium size-medium\" alt=\"\" srcset=\"https:\/\/virkistys.info\/en\/wp-content\/uploads\/sites\/3\/2015\/02\/karhusaari_kuva-_HO1-1024x768-300x225.jpg 300w, https:\/\/virkistys.info\/en\/wp-content\/uploads\/sites\/3\/2015\/02\/karhusaari_kuva-_HO1-1024x768.jpg 1024w\" sizes=\"auto, (max-width: 300px) 100vw, 300px\" \/><\/a>\n\t\t\t<\/div><\/figure><figure class='gallery-item'>\n\t\t\t<div class='gallery-icon landscape'>\n\t\t\t\t<a href='https:\/\/virkistys.info\/en\/lahnasen-nuotiokatos-hiitolanjoella1-1024x575\/'><img loading=\"lazy\" decoding=\"async\" width=\"300\" height=\"168\" src=\"https:\/\/virkistys.info\/en\/wp-content\/uploads\/sites\/3\/2015\/02\/Lahnasen-nuotiokatos-Hiitolanjoella1-1024x575-300x168.jpg\" class=\"attachment-medium size-medium\" alt=\"\" srcset=\"https:\/\/virkistys.info\/en\/wp-content\/uploads\/sites\/3\/2015\/02\/Lahnasen-nuotiokatos-Hiitolanjoella1-1024x575-300x168.jpg 300w, https:\/\/virkistys.info\/en\/wp-content\/uploads\/sites\/3\/2015\/02\/Lahnasen-nuotiokatos-Hiitolanjoella1-1024x575.jpg 1024w\" sizes=\"auto, (max-width: 300px) 100vw, 300px\" \/><\/a>\n\t\t\t<\/div><\/figure><figure class='gallery-item'>\n\t\t\t<div class='gallery-icon landscape'>\n\t\t\t\t<a href='https:\/\/virkistys.info\/en\/ruha_26-7-13_kuva_ho1-1024x768\/'><img loading=\"lazy\" decoding=\"async\" width=\"300\" height=\"225\" src=\"https:\/\/virkistys.info\/en\/wp-content\/uploads\/sites\/3\/2015\/02\/Ruha_26.7.13_kuva_HO1-1024x768-300x225.jpg\" class=\"attachment-medium size-medium\" alt=\"\" srcset=\"https:\/\/virkistys.info\/en\/wp-content\/uploads\/sites\/3\/2015\/02\/Ruha_26.7.13_kuva_HO1-1024x768-300x225.jpg 300w, https:\/\/virkistys.info\/en\/wp-content\/uploads\/sites\/3\/2015\/02\/Ruha_26.7.13_kuva_HO1-1024x768.jpg 1024w\" sizes=\"auto, (max-width: 300px) 100vw, 300px\" \/><\/a>\n\t\t\t<\/div><\/figure>\n\t\t<\/div>\n\n<p><a title=\"Etel\u00e4-Karjalan virkistysalues\u00e4\u00e4to\u00f6\" href=\"http:\/\/www.ekarjala.fi\/virkistysaluesaatio\/\"><br \/>\n<\/a><br \/>\n<a title=\"Kymenlaakson virkistysalueyhdistys ry\" href=\"http:\/\/kyvi.fi\">Kymenlaakso recreation area association<\/a><\/p>\n<p><div id='gallery-2' class='gallery galleryid-45 gallery-columns-3 gallery-size-medium'><figure class='gallery-item'>\n\t\t\t<div class='gallery-icon landscape'>\n\t\t\t\t<a href='https:\/\/virkistys.info\/en\/galleria\/heisan-varauskota-www\/'><img loading=\"lazy\" decoding=\"async\" width=\"300\" height=\"176\" src=\"https:\/\/virkistys.info\/en\/wp-content\/uploads\/sites\/3\/2013\/12\/Heisan-varauskota-www-300x176.jpg\" class=\"attachment-medium size-medium\" alt=\"\" aria-describedby=\"gallery-2-90\" srcset=\"https:\/\/virkistys.info\/en\/wp-content\/uploads\/sites\/3\/2013\/12\/Heisan-varauskota-www-300x176.jpg 300w, https:\/\/virkistys.info\/en\/wp-content\/uploads\/sites\/3\/2013\/12\/Heisan-varauskota-www.jpg 448w\" sizes=\"auto, (max-width: 300px) 100vw, 300px\" \/><\/a>\n\t\t\t<\/div>\n\t\t\t\t<figcaption class='wp-caption-text gallery-caption' id='gallery-2-90'>\n\t\t\t\tRental Kota in Heisanharju\n\t\t\t\t<\/figcaption><\/figure><figure class='gallery-item'>\n\t\t\t<div class='gallery-icon landscape'>\n\t\t\t\t<a href='https:\/\/virkistys.info\/en\/galleria\/heisanharju-avoin-kota-www\/'><img loading=\"lazy\" decoding=\"async\" width=\"300\" height=\"224\" src=\"https:\/\/virkistys.info\/en\/wp-content\/uploads\/sites\/3\/2013\/12\/Heisanharju-avoin-kota-www-300x224.jpg\" class=\"attachment-medium size-medium\" alt=\"\" aria-describedby=\"gallery-2-89\" srcset=\"https:\/\/virkistys.info\/en\/wp-content\/uploads\/sites\/3\/2013\/12\/Heisanharju-avoin-kota-www-300x224.jpg 300w, https:\/\/virkistys.info\/en\/wp-content\/uploads\/sites\/3\/2013\/12\/Heisanharju-avoin-kota-www.jpg 448w\" sizes=\"auto, (max-width: 300px) 100vw, 300px\" \/><\/a>\n\t\t\t<\/div>\n\t\t\t\t<figcaption class='wp-caption-text gallery-caption' id='gallery-2-89'>\n\t\t\t\tHeisanharju Kota\n\t\t\t\t<\/figcaption><\/figure><figure class='gallery-item'>\n\t\t\t<div class='gallery-icon landscape'>\n\t\t\t\t<a href='https:\/\/virkistys.info\/en\/kuovinkallion-taukopaikka-1024x768\/'><img loading=\"lazy\" decoding=\"async\" width=\"300\" height=\"225\" src=\"https:\/\/virkistys.info\/en\/wp-content\/uploads\/sites\/3\/2015\/02\/Kuovinkallion-taukopaikka-1024x768-300x225.jpg\" class=\"attachment-medium size-medium\" alt=\"\" srcset=\"https:\/\/virkistys.info\/en\/wp-content\/uploads\/sites\/3\/2015\/02\/Kuovinkallion-taukopaikka-1024x768-300x225.jpg 300w, https:\/\/virkistys.info\/en\/wp-content\/uploads\/sites\/3\/2015\/02\/Kuovinkallion-taukopaikka-1024x768.jpg 1024w\" sizes=\"auto, (max-width: 300px) 100vw, 300px\" \/><\/a>\n\t\t\t<\/div><\/figure><figure class='gallery-item'>\n\t\t\t<div class='gallery-icon landscape'>\n\t\t\t\t<a href='https:\/\/virkistys.info\/en\/lehmasaari-1024x768\/'><img loading=\"lazy\" decoding=\"async\" width=\"300\" height=\"225\" src=\"https:\/\/virkistys.info\/en\/wp-content\/uploads\/sites\/3\/2015\/02\/Lehm\u00e4saari-1024x768-300x225.jpg\" class=\"attachment-medium size-medium\" alt=\"\" srcset=\"https:\/\/virkistys.info\/en\/wp-content\/uploads\/sites\/3\/2015\/02\/Lehm\u00e4saari-1024x768-300x225.jpg 300w, https:\/\/virkistys.info\/en\/wp-content\/uploads\/sites\/3\/2015\/02\/Lehm\u00e4saari-1024x768.jpg 1024w\" sizes=\"auto, (max-width: 300px) 100vw, 300px\" \/><\/a>\n\t\t\t<\/div><\/figure><figure class='gallery-item'>\n\t\t\t<div class='gallery-icon landscape'>\n\t\t\t\t<a href='https:\/\/virkistys.info\/en\/majasaari-luonnonsatama-1024x768\/'><img loading=\"lazy\" decoding=\"async\" width=\"300\" height=\"225\" src=\"https:\/\/virkistys.info\/en\/wp-content\/uploads\/sites\/3\/2015\/02\/Majasaari-luonnonsatama-1024x768-300x225.jpg\" class=\"attachment-medium size-medium\" alt=\"\" srcset=\"https:\/\/virkistys.info\/en\/wp-content\/uploads\/sites\/3\/2015\/02\/Majasaari-luonnonsatama-1024x768-300x225.jpg 300w, https:\/\/virkistys.info\/en\/wp-content\/uploads\/sites\/3\/2015\/02\/Majasaari-luonnonsatama-1024x768.jpg 1024w\" sizes=\"auto, (max-width: 300px) 100vw, 300px\" \/><\/a>\n\t\t\t<\/div><\/figure><figure class='gallery-item'>\n\t\t\t<div class='gallery-icon landscape'>\n\t\t\t\t<a href='https:\/\/virkistys.info\/en\/maisemakuvaus\/'><img loading=\"lazy\" decoding=\"async\" width=\"300\" height=\"200\" src=\"https:\/\/virkistys.info\/en\/wp-content\/uploads\/sites\/3\/2015\/02\/Heisanharju-Kuva-Kymenlaakson-liitto-300x200.jpg\" class=\"attachment-medium size-medium\" alt=\"\" srcset=\"https:\/\/virkistys.info\/en\/wp-content\/uploads\/sites\/3\/2015\/02\/Heisanharju-Kuva-Kymenlaakson-liitto-300x200.jpg 300w, https:\/\/virkistys.info\/en\/wp-content\/uploads\/sites\/3\/2015\/02\/Heisanharju-Kuva-Kymenlaakson-liitto.jpg 1024w\" sizes=\"auto, (max-width: 300px) 100vw, 300px\" \/><\/a>\n\t\t\t<\/div><\/figure>\n\t\t<\/div>\n<br \/>\n<a title=\"http:\/\/www.pirkanmaanvirkistysalueyhdistys.fi\/\" href=\"http:\/\/www.pirkanmaanvirkistysalueyhdistys.fi\/\">Pirkanmaa recreation area association<br \/>\n<\/a><\/p>\n<p><div id='gallery-3' class='gallery galleryid-45 gallery-columns-3 gallery-size-medium'><figure class='gallery-item'>\n\t\t\t<div class='gallery-icon portrait'>\n\t\t\t\t<a href='https:\/\/virkistys.info\/en\/ruuhonsaaret_kuva_artohamalainen1-e1395661751389\/'><img loading=\"lazy\" decoding=\"async\" width=\"293\" height=\"300\" src=\"https:\/\/virkistys.info\/en\/wp-content\/uploads\/sites\/3\/2015\/02\/Ruuhonsaaret_kuva_ArtoH\u00e4m\u00e4l\u00e4inen1-e1395661751389-293x300.jpg\" class=\"attachment-medium size-medium\" alt=\"\" srcset=\"https:\/\/virkistys.info\/en\/wp-content\/uploads\/sites\/3\/2015\/02\/Ruuhonsaaret_kuva_ArtoH\u00e4m\u00e4l\u00e4inen1-e1395661751389-293x300.jpg 293w, https:\/\/virkistys.info\/en\/wp-content\/uploads\/sites\/3\/2015\/02\/Ruuhonsaaret_kuva_ArtoH\u00e4m\u00e4l\u00e4inen1-e1395661751389.jpg 800w\" sizes=\"auto, (max-width: 293px) 100vw, 293px\" \/><\/a>\n\t\t\t<\/div><\/figure><figure class='gallery-item'>\n\t\t\t<div class='gallery-icon landscape'>\n\t\t\t\t<a href='https:\/\/virkistys.info\/en\/huuhanranta_kuva_ho1-1024x768\/'><img loading=\"lazy\" decoding=\"async\" width=\"300\" height=\"225\" src=\"https:\/\/virkistys.info\/en\/wp-content\/uploads\/sites\/3\/2015\/02\/huuhanranta_kuva_HO1-1024x768-300x225.jpg\" class=\"attachment-medium size-medium\" alt=\"\" aria-describedby=\"gallery-3-95\" srcset=\"https:\/\/virkistys.info\/en\/wp-content\/uploads\/sites\/3\/2015\/02\/huuhanranta_kuva_HO1-1024x768-300x225.jpg 300w, https:\/\/virkistys.info\/en\/wp-content\/uploads\/sites\/3\/2015\/02\/huuhanranta_kuva_HO1-1024x768.jpg 1024w\" sizes=\"auto, (max-width: 300px) 100vw, 300px\" \/><\/a>\n\t\t\t<\/div>\n\t\t\t\t<figcaption class='wp-caption-text gallery-caption' id='gallery-3-95'>\n\t\t\t\tHuuhanranta\n\t\t\t\t<\/figcaption><\/figure><figure class='gallery-item'>\n\t\t\t<div class='gallery-icon landscape'>\n\t\t\t\t<a href='https:\/\/virkistys.info\/en\/ruha_26-7-13_kuva_ho1-1024x768-2\/'><img loading=\"lazy\" decoding=\"async\" width=\"300\" height=\"225\" src=\"https:\/\/virkistys.info\/en\/wp-content\/uploads\/sites\/3\/2015\/02\/Ruha_26.7.13_kuva_HO1-1024x7681-300x225.jpg\" class=\"attachment-medium size-medium\" alt=\"\" srcset=\"https:\/\/virkistys.info\/en\/wp-content\/uploads\/sites\/3\/2015\/02\/Ruha_26.7.13_kuva_HO1-1024x7681-300x225.jpg 300w, https:\/\/virkistys.info\/en\/wp-content\/uploads\/sites\/3\/2015\/02\/Ruha_26.7.13_kuva_HO1-1024x7681.jpg 1024w\" sizes=\"auto, (max-width: 300px) 100vw, 300px\" \/><\/a>\n\t\t\t<\/div><\/figure>\n\t\t<\/div>\n<br \/>\n<a title=\"http:\/\/www.pohjoiskarjalankelkkaurat.fi\/etusivu\/index.php\" href=\"http:\/\/www.pohjoiskarjalankelkkaurat.fi\/etusivu\/index.php\"><br \/>\n<\/a><a title=\"http:\/\/www.paijanteenvirkistysalueyhdistys.fi\/\" href=\"http:\/\/www.paijanteenvirkistysalueyhdistys.fi\/\">P\u00e4ij\u00e4nne recreation area association<br \/>\n<\/a><\/p>\n<div id='gallery-4' class='gallery galleryid-45 gallery-columns-3 gallery-size-medium'><figure class='gallery-item'>\n\t\t\t<div class='gallery-icon landscape'>\n\t\t\t\t<a href='https:\/\/virkistys.info\/en\/virtosaari-asikkala-kymijoki-1024x768\/'><img loading=\"lazy\" decoding=\"async\" width=\"300\" height=\"225\" src=\"https:\/\/virkistys.info\/en\/wp-content\/uploads\/sites\/3\/2015\/02\/Virtosaari-Asikkala-Kymijoki-1024x768-300x225.jpg\" class=\"attachment-medium size-medium\" alt=\"\" srcset=\"https:\/\/virkistys.info\/en\/wp-content\/uploads\/sites\/3\/2015\/02\/Virtosaari-Asikkala-Kymijoki-1024x768-300x225.jpg 300w, https:\/\/virkistys.info\/en\/wp-content\/uploads\/sites\/3\/2015\/02\/Virtosaari-Asikkala-Kymijoki-1024x768.jpg 1024w\" sizes=\"auto, (max-width: 300px) 100vw, 300px\" \/><\/a>\n\t\t\t<\/div><\/figure><figure class='gallery-item'>\n\t\t\t<div class='gallery-icon landscape'>\n\t\t\t\t<a href='https:\/\/virkistys.info\/en\/iso-pirttisaari-heinola-ruotsalainen-1024x768\/'><img loading=\"lazy\" decoding=\"async\" width=\"300\" height=\"225\" src=\"https:\/\/virkistys.info\/en\/wp-content\/uploads\/sites\/3\/2015\/02\/Iso-Pirttisaari-Heinola-Ruotsalainen-1024x768-300x225.jpg\" class=\"attachment-medium size-medium\" alt=\"\" srcset=\"https:\/\/virkistys.info\/en\/wp-content\/uploads\/sites\/3\/2015\/02\/Iso-Pirttisaari-Heinola-Ruotsalainen-1024x768-300x225.jpg 300w, https:\/\/virkistys.info\/en\/wp-content\/uploads\/sites\/3\/2015\/02\/Iso-Pirttisaari-Heinola-Ruotsalainen-1024x768.jpg 1024w\" sizes=\"auto, (max-width: 300px) 100vw, 300px\" \/><\/a>\n\t\t\t<\/div><\/figure><figure class='gallery-item'>\n\t\t\t<div class='gallery-icon landscape'>\n\t\t\t\t<a href='https:\/\/virkistys.info\/en\/kalasaari-jyvaskyla-paijanne-1-1024x682\/'><img loading=\"lazy\" decoding=\"async\" width=\"300\" height=\"199\" src=\"https:\/\/virkistys.info\/en\/wp-content\/uploads\/sites\/3\/2015\/02\/Kalasaari-Jyv\u00e4skyl\u00e4-P\u00e4ij\u00e4nne-1-1024x682-300x199.jpg\" class=\"attachment-medium size-medium\" alt=\"\" srcset=\"https:\/\/virkistys.info\/en\/wp-content\/uploads\/sites\/3\/2015\/02\/Kalasaari-Jyv\u00e4skyl\u00e4-P\u00e4ij\u00e4nne-1-1024x682-300x199.jpg 300w, https:\/\/virkistys.info\/en\/wp-content\/uploads\/sites\/3\/2015\/02\/Kalasaari-Jyv\u00e4skyl\u00e4-P\u00e4ij\u00e4nne-1-1024x682.jpg 1024w\" sizes=\"auto, (max-width: 300px) 100vw, 300px\" \/><\/a>\n\t\t\t<\/div><\/figure><figure class='gallery-item'>\n\t\t\t<div class='gallery-icon landscape'>\n\t\t\t\t<a href='https:\/\/virkistys.info\/en\/pirttisaari-korpilahti-paijanne-1024x682\/'><img loading=\"lazy\" decoding=\"async\" width=\"300\" height=\"199\" src=\"https:\/\/virkistys.info\/en\/wp-content\/uploads\/sites\/3\/2015\/02\/Pirttisaari-Korpilahti-P\u00e4ij\u00e4nne-1024x682-300x199.jpg\" class=\"attachment-medium size-medium\" alt=\"\" srcset=\"https:\/\/virkistys.info\/en\/wp-content\/uploads\/sites\/3\/2015\/02\/Pirttisaari-Korpilahti-P\u00e4ij\u00e4nne-1024x682-300x199.jpg 300w, https:\/\/virkistys.info\/en\/wp-content\/uploads\/sites\/3\/2015\/02\/Pirttisaari-Korpilahti-P\u00e4ij\u00e4nne-1024x682.jpg 1024w\" sizes=\"auto, (max-width: 300px) 100vw, 300px\" \/><\/a>\n\t\t\t<\/div><\/figure>\n\t\t<\/div>\n\n<p><a title=\"http:\/\/www.paijanteenvirkistysalueyhdistys.fi\/\" href=\"http:\/\/www.paijanteenvirkistysalueyhdistys.fi\/\"><br \/>\n<\/a><a title=\"http:\/\/www.saimaanvirkistysalueyhdistys.fi\/\" href=\"http:\/\/www.saimaanvirkistysalueyhdistys.fi\/\">Saimaa recreation area association<\/a><\/p>\n<div id='gallery-5' class='gallery galleryid-45 gallery-columns-3 gallery-size-medium'><figure class='gallery-item'>\n\t\t\t<div class='gallery-icon landscape'>\n\t\t\t\t<a href='https:\/\/virkistys.info\/en\/huvila-ja-aitta2-1024x682\/'><img loading=\"lazy\" decoding=\"async\" width=\"300\" height=\"199\" src=\"https:\/\/virkistys.info\/en\/wp-content\/uploads\/sites\/3\/2015\/02\/huvila-ja-aitta2-1024x682-300x199.jpg\" class=\"attachment-medium size-medium\" alt=\"\" srcset=\"https:\/\/virkistys.info\/en\/wp-content\/uploads\/sites\/3\/2015\/02\/huvila-ja-aitta2-1024x682-300x199.jpg 300w, https:\/\/virkistys.info\/en\/wp-content\/uploads\/sites\/3\/2015\/02\/huvila-ja-aitta2-1024x682.jpg 1024w\" sizes=\"auto, (max-width: 300px) 100vw, 300px\" \/><\/a>\n\t\t\t<\/div><\/figure><figure class='gallery-item'>\n\t\t\t<div class='gallery-icon landscape'>\n\t\t\t\t<a href='https:\/\/virkistys.info\/en\/img_1021-1024x768\/'><img loading=\"lazy\" decoding=\"async\" width=\"300\" height=\"225\" src=\"https:\/\/virkistys.info\/en\/wp-content\/uploads\/sites\/3\/2015\/02\/IMG_1021-1024x768-300x225.jpg\" class=\"attachment-medium size-medium\" alt=\"\" srcset=\"https:\/\/virkistys.info\/en\/wp-content\/uploads\/sites\/3\/2015\/02\/IMG_1021-1024x768-300x225.jpg 300w, https:\/\/virkistys.info\/en\/wp-content\/uploads\/sites\/3\/2015\/02\/IMG_1021-1024x768.jpg 1024w\" sizes=\"auto, (max-width: 300px) 100vw, 300px\" \/><\/a>\n\t\t\t<\/div><\/figure><figure class='gallery-item'>\n\t\t\t<div class='gallery-icon landscape'>\n\t\t\t\t<a href='https:\/\/virkistys.info\/en\/korvensaaren-sauna-1024x768\/'><img loading=\"lazy\" decoding=\"async\" width=\"300\" height=\"225\" src=\"https:\/\/virkistys.info\/en\/wp-content\/uploads\/sites\/3\/2015\/02\/Korvensaaren-sauna-1024x768-300x225.jpg\" class=\"attachment-medium size-medium\" alt=\"\" srcset=\"https:\/\/virkistys.info\/en\/wp-content\/uploads\/sites\/3\/2015\/02\/Korvensaaren-sauna-1024x768-300x225.jpg 300w, https:\/\/virkistys.info\/en\/wp-content\/uploads\/sites\/3\/2015\/02\/Korvensaaren-sauna-1024x768.jpg 1024w\" sizes=\"auto, (max-width: 300px) 100vw, 300px\" \/><\/a>\n\t\t\t<\/div><\/figure><figure class='gallery-item'>\n\t\t\t<div class='gallery-icon landscape'>\n\t\t\t\t<a href='https:\/\/virkistys.info\/en\/rokansaaren-laituri-juhannuksena-1024x768\/'><img loading=\"lazy\" decoding=\"async\" width=\"300\" height=\"225\" src=\"https:\/\/virkistys.info\/en\/wp-content\/uploads\/sites\/3\/2015\/02\/Rokansaaren-laituri-juhannuksena-1024x768-300x225.jpg\" class=\"attachment-medium size-medium\" alt=\"\" srcset=\"https:\/\/virkistys.info\/en\/wp-content\/uploads\/sites\/3\/2015\/02\/Rokansaaren-laituri-juhannuksena-1024x768-300x225.jpg 300w, https:\/\/virkistys.info\/en\/wp-content\/uploads\/sites\/3\/2015\/02\/Rokansaaren-laituri-juhannuksena-1024x768.jpg 1024w\" sizes=\"auto, (max-width: 300px) 100vw, 300px\" \/><\/a>\n\t\t\t<\/div><\/figure><figure class='gallery-item'>\n\t\t\t<div class='gallery-icon landscape'>\n\t\t\t\t<a href='https:\/\/virkistys.info\/en\/umpilammen-sauna-3-1024x768\/'><img loading=\"lazy\" decoding=\"async\" width=\"300\" height=\"225\" src=\"https:\/\/virkistys.info\/en\/wp-content\/uploads\/sites\/3\/2015\/02\/umpilammen-sauna-3-1024x768-300x225.jpg\" class=\"attachment-medium size-medium\" alt=\"\" srcset=\"https:\/\/virkistys.info\/en\/wp-content\/uploads\/sites\/3\/2015\/02\/umpilammen-sauna-3-1024x768-300x225.jpg 300w, https:\/\/virkistys.info\/en\/wp-content\/uploads\/sites\/3\/2015\/02\/umpilammen-sauna-3-1024x768.jpg 1024w\" sizes=\"auto, (max-width: 300px) 100vw, 300px\" \/><\/a>\n\t\t\t<\/div><\/figure>\n\t\t<\/div>\n\n<p><a title=\"http:\/\/www.uudenmaanvirkistysalueyhdistys.fi\/\" href=\"http:\/\/www.uudenmaanvirkistysalueyhdistys.fi\/\">Uusimaa recreation area association<\/a><\/p>\n<div id='gallery-6' class='gallery galleryid-45 gallery-columns-3 gallery-size-medium'><figure class='gallery-item'>\n\t\t\t<div class='gallery-icon landscape'>\n\t\t\t\t<a href='https:\/\/virkistys.info\/en\/kajsas\/'><img loading=\"lazy\" decoding=\"async\" width=\"300\" height=\"199\" src=\"https:\/\/virkistys.info\/en\/wp-content\/uploads\/sites\/3\/2015\/02\/Kajsas-300x199.jpg\" class=\"attachment-medium size-medium\" alt=\"\" srcset=\"https:\/\/virkistys.info\/en\/wp-content\/uploads\/sites\/3\/2015\/02\/Kajsas-300x199.jpg 300w, https:\/\/virkistys.info\/en\/wp-content\/uploads\/sites\/3\/2015\/02\/Kajsas.jpg 800w\" sizes=\"auto, (max-width: 300px) 100vw, 300px\" \/><\/a>\n\t\t\t<\/div><\/figure><figure class='gallery-item'>\n\t\t\t<div class='gallery-icon landscape'>\n\t\t\t\t<a href='https:\/\/virkistys.info\/en\/kopparnns\/'><img loading=\"lazy\" decoding=\"async\" width=\"300\" height=\"199\" src=\"https:\/\/virkistys.info\/en\/wp-content\/uploads\/sites\/3\/2015\/02\/Kopparn\u00d1s-300x199.jpg\" class=\"attachment-medium size-medium\" alt=\"\" srcset=\"https:\/\/virkistys.info\/en\/wp-content\/uploads\/sites\/3\/2015\/02\/Kopparn\u00d1s-300x199.jpg 300w, https:\/\/virkistys.info\/en\/wp-content\/uploads\/sites\/3\/2015\/02\/Kopparn\u00d1s.jpg 800w\" sizes=\"auto, (max-width: 300px) 100vw, 300px\" \/><\/a>\n\t\t\t<\/div><\/figure><figure class='gallery-item'>\n\t\t\t<div class='gallery-icon landscape'>\n\t\t\t\t<a href='https:\/\/virkistys.info\/en\/lillfjnrden\/'><img loading=\"lazy\" decoding=\"async\" width=\"300\" height=\"199\" src=\"https:\/\/virkistys.info\/en\/wp-content\/uploads\/sites\/3\/2015\/02\/Lillfj\u00d1rden-300x199.jpg\" class=\"attachment-medium size-medium\" alt=\"\" srcset=\"https:\/\/virkistys.info\/en\/wp-content\/uploads\/sites\/3\/2015\/02\/Lillfj\u00d1rden-300x199.jpg 300w, https:\/\/virkistys.info\/en\/wp-content\/uploads\/sites\/3\/2015\/02\/Lillfj\u00d1rden.jpg 800w\" sizes=\"auto, (max-width: 300px) 100vw, 300px\" \/><\/a>\n\t\t\t<\/div><\/figure><figure class='gallery-item'>\n\t\t\t<div class='gallery-icon landscape'>\n\t\t\t\t<a href='https:\/\/virkistys.info\/en\/norra-sandi\/'><img loading=\"lazy\" decoding=\"async\" width=\"300\" height=\"199\" src=\"https:\/\/virkistys.info\/en\/wp-content\/uploads\/sites\/3\/2015\/02\/Norra-Sand\u00ee-300x199.jpg\" class=\"attachment-medium size-medium\" alt=\"\" srcset=\"https:\/\/virkistys.info\/en\/wp-content\/uploads\/sites\/3\/2015\/02\/Norra-Sand\u00ee-300x199.jpg 300w, https:\/\/virkistys.info\/en\/wp-content\/uploads\/sites\/3\/2015\/02\/Norra-Sand\u00ee.jpg 800w\" sizes=\"auto, (max-width: 300px) 100vw, 300px\" \/><\/a>\n\t\t\t<\/div><\/figure><figure class='gallery-item'>\n\t\t\t<div class='gallery-icon landscape'>\n\t\t\t\t<a href='https:\/\/virkistys.info\/en\/porkkalanniemi\/'><img loading=\"lazy\" decoding=\"async\" width=\"300\" height=\"199\" src=\"https:\/\/virkistys.info\/en\/wp-content\/uploads\/sites\/3\/2015\/02\/Porkkalanniemi-300x199.jpg\" class=\"attachment-medium size-medium\" alt=\"\" srcset=\"https:\/\/virkistys.info\/en\/wp-content\/uploads\/sites\/3\/2015\/02\/Porkkalanniemi-300x199.jpg 300w, https:\/\/virkistys.info\/en\/wp-content\/uploads\/sites\/3\/2015\/02\/Porkkalanniemi.jpg 800w\" sizes=\"auto, (max-width: 300px) 100vw, 300px\" \/><\/a>\n\t\t\t<\/div><\/figure>\n\t\t<\/div>\n\n<p><a title=\"http:\/\/www.hameenvirkistysalueyhdistys.fi\/\" href=\"http:\/\/www.hameenvirkistysalueyhdistys.fi\/\">H\u00e4me recreation area association<br \/>\n<\/a><a title=\"http:\/\/www.pohjoiskarjalankelkkaurat.fi\/etusivu\/index.php\" href=\"http:\/\/www.pohjoiskarjalankelkkaurat.fi\/etusivu\/index.php\">North Karelia recreational trails association<\/a><\/p>\n<p>&nbsp;<\/p>\n<p>&nbsp;<\/p>\n","protected":false},"excerpt":{"rendered":"<p>PHOTO GALLERY South Karelian Foundation for Recreation Areas Kymenlaakso recreation area association Pirkanmaa recreation area association P\u00e4ij\u00e4nne recreation area association Saimaa recreation area association Uusimaa recreation area association H\u00e4me recreation area association North Karelia recreational trails association &nbsp; &nbsp;<\/p>\n","protected":false},"author":1,"featured_media":164,"parent":0,"menu_order":2,"comment_status":"closed","ping_status":"closed","template":"","meta":{"footnotes":""},"class_list":["post-45","page","type-page","status-publish","has-post-thumbnail","hentry"],"_links":{"self":[{"href":"https:\/\/virkistys.info\/en\/wp-json\/wp\/v2\/pages\/45","targetHints":{"allow":["GET"]}}],"collection":[{"href":"https:\/\/virkistys.info\/en\/wp-json\/wp\/v2\/pages"}],"about":[{"href":"https:\/\/virkistys.info\/en\/wp-json\/wp\/v2\/types\/page"}],"author":[{"embeddable":true,"href":"https:\/\/virkistys.info\/en\/wp-json\/wp\/v2\/users\/1"}],"replies":[{"embeddable":true,"href":"https:\/\/virkistys.info\/en\/wp-json\/wp\/v2\/comments?post=45"}],"version-history":[{"count":20,"href":"https:\/\/virkistys.info\/en\/wp-json\/wp\/v2\/pages\/45\/revisions"}],"predecessor-version":[{"id":124,"href":"https:\/\/virkistys.info\/en\/wp-json\/wp\/v2\/pages\/45\/revisions\/124"}],"wp:featuredmedia":[{"embeddable":true,"href":"https:\/\/virkistys.info\/en\/wp-json\/"}],"wp:attachment":[{"href":"https:\/\/virkistys.info\/en\/wp-json\/wp\/v2\/media?parent=45"}],"curies":[{"name":"wp","href":"https:\/\/api.w.org\/{rel}","templated":true}]}}